{"id":1128,"date":"2024-02-04T12:08:35","date_gmt":"2024-02-04T12:08:35","guid":{"rendered":"https:\/\/themedox.com\/posty\/?page_id=1128"},"modified":"2025-12-05T10:16:48","modified_gmt":"2025-12-05T10:16:48","slug":"iletisim","status":"publish","type":"page","link":"https:\/\/bendensorulur.com\/rm\/iletisim\/","title":{"rendered":"\u0130leti\u015fim"},"content":{"rendered":"\t\t<div data-elementor-type=\"wp-page\" data-elementor-id=\"1128\" class=\"elementor elementor-1128\">\n\t\t\t\t<div class=\"elementor-element elementor-element-6c9a8be e-flex e-con-boxed e-con e-parent\" data-id=\"6c9a8be\" data-element_type=\"container\">\n\t\t\t\t\t<div class=\"e-con-inner\">\n\t\t<div class=\"elementor-element elementor-element-d78400f e-con-full e-flex e-con e-child\" data-id=\"d78400f\" data-element_type=\"container\">\n\t\t\t\t<div class=\"elementor-element elementor-element-b6f6703 elementor-widget elementor-widget-text-editor\" data-id=\"b6f6703\" data-element_type=\"widget\" data-widget_type=\"text-editor.default\">\n\t\t\t\t\t\t\t\t\t<h3><strong>\u0130leti\u015fim<\/strong><\/h3><p>Rekabet Masas\u0131, Ankara merkezli olarak faliyet g\u00f6stermektedir.<\/p><p>Bizimle ileti\u015fime ge\u00e7mek i\u00e7in formu doldurabilir veya do\u011frudan e-posta g\u00f6nderebilirsiniz.<\/p>\t\t\t\t\t\t\t\t<\/div>\n\t\t\t\t<div class=\"elementor-element elementor-element-37c0f47 elementor-widget elementor-widget-html\" data-id=\"37c0f47\" data-element_type=\"widget\" data-widget_type=\"html.default\">\n\t\t\t\t\t<div class=\"contact-left\">\r\n<div class=\"adress-wrap\">\r\n<div class=\"adress-box\">\r\n<ul class=\"adress-list\">\r\n    <li>\r\n<i class=\"las la-mobile\"><\/i>Telefon:\r\n<a href=\"tel:+905376583727\">(537) 658 3727<\/a>\r\n<\/li>\r\n\r\n<li>\r\n<i class=\"las la-envelope\"><\/i>E-Posta:\r\n<a href=\"mailto:rekabetmasasi@gmail.com\">rekabetmasasi@gmail.com<\/a>\r\n<\/li>\r\n<li>\r\n<i class=\"las la-map-marker\"><\/i\r\n><span\r\n>S\u00f6\u011f\u00fct\u00f6z\u00fc\r\n<strong>Ankara<\/strong><\/span\r\n>\r\n<\/li>\r\n\r\n<\/div>\r\n<\/div>\r\n<\/div>\t\t\t\t<\/div>\n\t\t\t\t<\/div>\n\t\t<div class=\"elementor-element elementor-element-39b8330 e-con-full e-flex e-con e-child\" data-id=\"39b8330\" data-element_type=\"container\">\n\t\t\t\t<div class=\"elementor-element elementor-element-e3b2586 elementor-widget elementor-widget-shortcode\" data-id=\"e3b2586\" data-element_type=\"widget\" data-widget_type=\"shortcode.default\">\n\t\t\t\t\t\t\t<div class=\"elementor-shortcode\">\n<div class=\"wpcf7 no-js\" id=\"wpcf7-f1133-o1\" lang=\"en-US\" dir=\"ltr\" data-wpcf7-id=\"1133\">\n<div class=\"screen-reader-response\"><p role=\"status\" aria-live=\"polite\" aria-atomic=\"true\"><\/p> <ul><\/ul><\/div>\n<form action=\"\/rm\/wp-json\/wp\/v2\/pages\/1128#wpcf7-f1133-o1\" method=\"post\" class=\"wpcf7-form init\" aria-label=\"Contact form\" novalidate=\"novalidate\" data-status=\"init\">\n<fieldset class=\"hidden-fields-container\"><input type=\"hidden\" name=\"_wpcf7\" value=\"1133\" \/><input type=\"hidden\" name=\"_wpcf7_version\" value=\"6.1.4\" \/><input type=\"hidden\" name=\"_wpcf7_locale\" value=\"en_US\" \/><input type=\"hidden\" name=\"_wpcf7_unit_tag\" value=\"wpcf7-f1133-o1\" \/><input type=\"hidden\" name=\"_wpcf7_container_post\" value=\"0\" \/><input type=\"hidden\" name=\"_wpcf7_posted_data_hash\" value=\"\" \/>\n<\/fieldset>\n<div class=\"contact-form-wrap\">\n\t<h3 class=\"title\">\u0130leti\u015fime Ge\u00e7in\n\t<\/h3>\n\t<div class=\"contact-form\">\n\t\t<div class=\"form-group colum-row row\">\n\t\t\t<div class=\"col-sm-6\">\n\t\t\t\t<p><span class=\"wpcf7-form-control-wrap\" data-name=\"text-617\"><input size=\"40\" maxlength=\"400\" class=\"wpcf7-form-control wpcf7-text wpcf7-validates-as-required form-control\" id=\"fullname\" aria-required=\"true\" aria-invalid=\"false\" placeholder=\"Ad Soyad\" value=\"\" type=\"text\" name=\"text-617\" \/><\/span>\n\t\t\t\t<\/p>\n\t\t\t<\/div>\n\t\t\t<div class=\"col-sm-6\">\n\t\t\t\t<p><span class=\"wpcf7-form-control-wrap\" data-name=\"email-289\"><input size=\"40\" maxlength=\"400\" class=\"wpcf7-form-control wpcf7-email wpcf7-validates-as-required wpcf7-text wpcf7-validates-as-email form-control\" id=\"email\" aria-required=\"true\" aria-invalid=\"false\" placeholder=\"E-Posta Adresi\" value=\"\" type=\"email\" name=\"email-289\" \/><\/span>\n\t\t\t\t<\/p>\n\t\t\t<\/div>\n\t\t<\/div>\n\t\t<div class=\"form-group row\">\n\t\t\t<div class=\"col-sm-6\">\n\t\t\t\t<p><span class=\"wpcf7-form-control-wrap\" data-name=\"text-617\"><input size=\"40\" maxlength=\"400\" class=\"wpcf7-form-control wpcf7-text wpcf7-validates-as-required form-control\" id=\"phone\" aria-required=\"true\" aria-invalid=\"false\" placeholder=\"Telefon\" value=\"\" type=\"text\" name=\"text-617\" \/><\/span>\n\t\t\t\t<\/p>\n\t\t\t<\/div>\n\t\t\t<div class=\"col-sm-6\">\n\t\t\t\t<p><span class=\"wpcf7-form-control-wrap\" data-name=\"text-617\"><input size=\"40\" maxlength=\"400\" class=\"wpcf7-form-control wpcf7-text wpcf7-validates-as-required form-control\" id=\"website\" aria-required=\"true\" aria-invalid=\"false\" placeholder=\"Website Ad\u0131\" value=\"\" type=\"text\" name=\"text-617\" \/><\/span>\n\t\t\t\t<\/p>\n\t\t\t<\/div>\n\t\t<\/div>\n\t\t<div class=\"form-group row\">\n\t\t\t<div class=\"col-md-12\">\n\t\t\t\t<p><span class=\"wpcf7-form-control-wrap\" data-name=\"textarea-39\"><textarea cols=\"40\" rows=\"10\" maxlength=\"2000\" class=\"wpcf7-form-control wpcf7-textarea wpcf7-validates-as-required form-control address\" id=\"message\" aria-required=\"true\" aria-invalid=\"false\" name=\"textarea-39\">Mesaj<\/textarea><\/span>\n\t\t\t\t<\/p>\n\t\t\t<\/div>\n\t\t<\/div>\n\t\t<p><input class=\"wpcf7-form-control wpcf7-submit has-spinner default-btn\" id=\"submit\" type=\"submit\" value=\"G\u00f6nder\" \/>\n\t\t<\/p>\n\t<\/div>\n<\/div><div class=\"wpcf7-response-output\" aria-hidden=\"true\"><\/div>\n<\/form>\n<\/div>\n<\/div>\n\t\t\t\t\t\t<\/div>\n\t\t\t\t<\/div>\n\t\t\t\t\t<\/div>\n\t\t\t\t<\/div>\n\t\t<div class=\"elementor-element elementor-element-7332a1d e-con-full e-flex e-con e-parent\" data-id=\"7332a1d\" data-element_type=\"container\">\n\t\t\t\t<div class=\"elementor-element elementor-element-1943325 elementor-widget elementor-widget-theme-newsletter-one\" data-id=\"1943325\" data-element_type=\"widget\" data-widget_type=\"theme-newsletter-one.default\">\n\t\t\t\t<div class=\"elementor-widget-container\">\n\t\t\t\t\t\r\n        <section class=\"subscribe-section bg-grey-2 theme-subscribe-style-one\">\r\n          <div class=\"container\">\r\n             <div class=\"row\">\r\n                <div class=\"col-lg-6\">\r\n                   <div class=\"subscribe-content\">\r\n                      <h3 class=\"title\">En iyi blog hikayelerini gelen kutunuza al\u0131n!<\/h3>\r\n\r\n\r\n                      <p>\n<div class=\"wpcf7 no-js\" id=\"wpcf7-f1336-o2\" lang=\"en-US\" dir=\"ltr\" data-wpcf7-id=\"1336\">\n<div class=\"screen-reader-response\"><p role=\"status\" aria-live=\"polite\" aria-atomic=\"true\"><\/p> <ul><\/ul><\/div>\n<form action=\"\/rm\/wp-json\/wp\/v2\/pages\/1128#wpcf7-f1336-o2\" method=\"post\" class=\"wpcf7-form init\" aria-label=\"Contact form\" novalidate=\"novalidate\" data-status=\"init\">\n<fieldset class=\"hidden-fields-container\"><input type=\"hidden\" name=\"_wpcf7\" value=\"1336\" \/><input type=\"hidden\" name=\"_wpcf7_version\" value=\"6.1.4\" \/><input type=\"hidden\" name=\"_wpcf7_locale\" value=\"en_US\" \/><input type=\"hidden\" name=\"_wpcf7_unit_tag\" value=\"wpcf7-f1336-o2\" \/><input type=\"hidden\" name=\"_wpcf7_container_post\" value=\"0\" \/><input type=\"hidden\" name=\"_wpcf7_posted_data_hash\" value=\"\" \/>\n<\/fieldset>\n<div class=\"subscribe-form\">\n\t<p><span class=\"wpcf7-form-control-wrap\" data-name=\"email-515\"><input size=\"40\" maxlength=\"400\" class=\"wpcf7-form-control wpcf7-email wpcf7-validates-as-required wpcf7-text wpcf7-validates-as-email form-control\" aria-required=\"true\" aria-invalid=\"false\" placeholder=\"E-Posta Adresiniz\" value=\"\" type=\"email\" name=\"email-515\" \/><\/span><input class=\"wpcf7-form-control wpcf7-submit has-spinner default-btn\" type=\"submit\" value=\"Abone Ol\" \/><i class=\"lab la-telegram-plane\"><\/i>\n\t<\/p>\n<\/div><div class=\"wpcf7-response-output\" aria-hidden=\"true\"><\/div>\n<\/form>\n<\/div>\n<\/p>\r\n\r\n                   <\/div>\r\n                <\/div>\r\n                <div class=\"col-lg-6\">\r\n                   <div class=\"subscribe-thumb\">\r\n                      <div class=\"line\"><\/div>\r\n                      <img decoding=\"async\" src=\"https:\/\/bendensorulur.com\/rm\/wp-content\/uploads\/2025\/12\/posta.png\" alt=\"img\">\r\n                   <\/div>\r\n                <\/div>\r\n             <\/div>\r\n          <\/div>\r\n      \t <\/section>\r\n       \t<!-- .\/ subscribe-section -->\r\n\r\n\r\n\r\n\r\n\r\n\t\t\t\t\t<\/div>\n\t\t\t\t<\/div>\n\t\t\t\t<\/div>\n\t\t\t\t<\/div>\n\t\t","protected":false},"excerpt":{"rendered":"<p>\u0130leti\u015fim Rekabet Masas\u0131, Ankara merkezli olarak faliyet g\u00f6stermektedir. Bizimle ileti\u015fime ge\u00e7mek i\u00e7in formu doldurabilir veya do\u011frudan e-posta g\u00f6nderebilirsiniz. Telefon: (537) 658 3727 E-Posta: rekabetmasasi@gmail.com S\u00f6\u011f\u00fct\u00f6z\u00fc Ankara En iyi blog hikayelerini gelen kutunuza al\u0131n!<\/p>\n","protected":false},"author":1,"featured_media":0,"parent":0,"menu_order":0,"comment_status":"closed","ping_status":"closed","template":"","meta":{"_monsterinsights_skip_tracking":false,"_monsterinsights_sitenote_active":false,"_monsterinsights_sitenote_note":"","_monsterinsights_sitenote_category":0,"footnotes":""},"class_list":["post-1128","page","type-page","status-publish","hentry"],"aioseo_notices":[],"_hostinger_reach_plugin_has_subscription_block":false,"_hostinger_reach_plugin_is_elementor":false,"rttpg_featured_image_url":null,"rttpg_author":{"display_name":"test test","author_link":"https:\/\/bendensorulur.com\/rm\/author\/ois\/"},"rttpg_comment":0,"rttpg_category":null,"rttpg_excerpt":"\u0130leti\u015fim Rekabet Masas\u0131, Ankara merkezli olarak faliyet g\u00f6stermektedir. Bizimle ileti\u015fime ge\u00e7mek i\u00e7in formu doldurabilir veya do\u011frudan e-posta g\u00f6nderebilirsiniz. Telefon: (537) 658 3727 E-Posta: rekabetmasasi@gmail.com S\u00f6\u011f\u00fct\u00f6z\u00fc Ankara En iyi blog hikayelerini gelen kutunuza al\u0131n!","_links":{"self":[{"href":"https:\/\/bendensorulur.com\/rm\/wp-json\/wp\/v2\/pages\/1128","targetHints":{"allow":["GET"]}}],"collection":[{"href":"https:\/\/bendensorulur.com\/rm\/wp-json\/wp\/v2\/pages"}],"about":[{"href":"https:\/\/bendensorulur.com\/rm\/wp-json\/wp\/v2\/types\/page"}],"author":[{"embeddable":true,"href":"https:\/\/bendensorulur.com\/rm\/wp-json\/wp\/v2\/users\/1"}],"replies":[{"embeddable":true,"href":"https:\/\/bendensorulur.com\/rm\/wp-json\/wp\/v2\/comments?post=1128"}],"version-history":[{"count":56,"href":"https:\/\/bendensorulur.com\/rm\/wp-json\/wp\/v2\/pages\/1128\/revisions"}],"predecessor-version":[{"id":1940,"href":"https:\/\/bendensorulur.com\/rm\/wp-json\/wp\/v2\/pages\/1128\/revisions\/1940"}],"wp:attachment":[{"href":"https:\/\/bendensorulur.com\/rm\/wp-json\/wp\/v2\/media?parent=1128"}],"curies":[{"name":"wp","href":"https:\/\/api.w.org\/{rel}","templated":true}]}}