{"id":1154,"date":"2024-02-04T12:38:54","date_gmt":"2024-02-04T12:38:54","guid":{"rendered":"https:\/\/themedox.com\/posty\/?page_id=1154"},"modified":"2025-12-01T10:16:08","modified_gmt":"2025-12-01T10:16:08","slug":"hakkimizda","status":"publish","type":"page","link":"https:\/\/bendensorulur.com\/rm\/hakkimizda\/","title":{"rendered":"Hakk\u0131m\u0131zda"},"content":{"rendered":"\t\t<div data-elementor-type=\"wp-page\" data-elementor-id=\"1154\" class=\"elementor elementor-1154\">\n\t\t\t\t<div class=\"elementor-element elementor-element-66ab13a e-con-full elementor-hidden-desktop elementor-hidden-tablet elementor-hidden-mobile e-flex e-con e-parent\" data-id=\"66ab13a\" data-element_type=\"container\">\n\t\t\t\t<div class=\"elementor-element elementor-element-430f712 elementor-widget elementor-widget-theme-about-onee\" data-id=\"430f712\" data-element_type=\"widget\" data-widget_type=\"theme-about-onee.default\">\n\t\t\t\t<div class=\"elementor-widget-container\">\n\t\t\t\t\t\r\n\r\n        <section class=\"about-section padding\">\r\n            <div class=\"container\">\r\n                <div class=\"row align-items-center\">\r\n                    <div class=\"col-lg-6\">\r\n                        <div class=\"about-content\">\r\n                            <h3 class=\"title\">Rekabet Masas\u0131 art\u0131k hayatta..<\/h3>\r\n                            <p>Bu masada rekabet hukukunu ve politikalar\u0131n\u0131 sadece kanun maddelerinden ve kararlardan ibaret de\u011fil, hayat\u0131n her alan\u0131nda konu\u015fmak istedik.\n\nBu platformda hem T\u00fcrkiye\u2019de hem de d\u00fcnyada rekabet hukuku alan\u0131ndaki g\u00fcncel geli\u015fmeleri takip edebilir, alan\u0131nda uzman yazarlar\u0131n kaleme ald\u0131\u011f\u0131 yar\u0131 akademik makaleleri, keyifli podcastleri ve YouTube yay\u0131nlar\u0131n\u0131 bulabilirsiniz.\nHayat\u0131n sadece rekabet hukukundan ibaret olmad\u0131\u011f\u0131n\u0131 da biliyoruz; masam\u0131zda spora, edebiyata, film ve dizilere ili\u015fkin yorumlara da yer a\u00e7\u0131yoruz. \nAma hepsi bu kadar da de\u011fil \u2014 dilerseniz Rekabet Masas\u0131\u2019na siz de gelebilirsiniz. Bu alanda s\u00f6yleyecek s\u00f6z\u00fcn\u00fcz\u00fcn oldu\u011funu d\u00fc\u015f\u00fcn\u00fcyorsan\u0131z sizi de aram\u0131zda g\u00f6rmeyi \u00e7ok isteriz. \u0130ster bir yaz\u0131 ister bir podcast; kendinizi nas\u0131l ifade etmek isterseniz bize iletebilirsiniz. Hepimizin uyaca\u011f\u0131 etik ve akademik kurallar \u00f6tesinde sizleri s\u0131n\u0131rlamayaca\u011f\u0131z. \nBu masay\u0131 kurarken amac\u0131m\u0131z, rekabet hukukunu herkes i\u00e7in daha anla\u015f\u0131l\u0131r, daha eri\u015filebilir ve en \u00f6nemlisi daha keyifli bir hale getirmekti.\nRekabet Masas\u0131\u2019nda, T\u00fcrkiye\u2019de ve d\u00fcnyada rekabet hukuku alan\u0131ndaki g\u00fcncel geli\u015fmeleri yak\u0131ndan takip edebilir, alan\u0131nda uzman yazarlar\u0131n kaleme ald\u0131\u011f\u0131 yar\u0131 akademik makaleleri, kitap \u00f6zet ve yorumlar\u0131n\u0131, derinlemesine analizleri, keyifli podcastleri ve YouTube yay\u0131nlar\u0131n\u0131 bulabilirsiniz.\n\nG\u00fcncel olaylar\u0131 yaln\u0131zca hukuki boyutuyla de\u011fil, ekonomik, toplumsal ve teknolojik y\u00f6nleriyle de tart\u0131\u015fmaya a\u00e7\u0131yoruz. \u00c7\u00fcnk\u00fc bizim i\u00e7in rekabet, sadece te\u015febb\u00fcsler aras\u0131nda de\u011fil; fikirler, vizyonlar ve yakla\u015f\u0131mlar aras\u0131nda da ya\u015fan\u0131r.\nAma biz hayat\u0131n sadece rekabet hukukundan ibaret olmad\u0131\u011f\u0131n\u0131 da biliyoruz.\nBu y\u00fczden Rekabet Masas\u0131, ayn\u0131 zamanda spora, sinemaya, edebiyata, dizilere ve k\u00fclt\u00fcrel meselelere de yer a\u00e7an bir platform.\n<\/p>\r\n                            <div class=\"about-list-wrap\">\r\n\r\n                                <ul class=\"about-list\">\r\n\r\n\r\n                                \r\n                                <li><i class=\"las la-check-circle\"><\/i>  Risus ultrices amet facilisis vulputate tortor egestas<\/li>\r\n\r\n                                \r\n                                <\/ul>\r\n\r\n\r\n                                <ul class=\"about-list\">\r\n                                    <li><i class=\"las la-check-circle\"><\/i>Eye With Leading Lines<\/li>\r\n                                    <li><i class=\"las la-check-circle\"><\/i>Breaking down the barriers<\/li>\r\n                                    <li><i class=\"las la-check-circle\"><\/i>Website should be easy to navigate<\/li>\r\n                                <\/ul>\r\n\r\n                            <\/div>\r\n                            <h2 class=\"about-year\"><\/h2>\r\n                        <\/div>\r\n                    <\/div>\r\n                    <div class=\"col-lg-6\">\r\n                        <div class=\"about-thumb\">\r\n                            <img decoding=\"async\" src=\"https:\/\/themedox.com\/posty\/wp-content\/uploads\/2024\/02\/about-img.jpg\" alt=\"about\" \/>\r\n                        <\/div>\r\n                    <\/div>\r\n                <\/div>\r\n            <\/div>\r\n        <\/section>\r\n        <!-- .\/ about-section -->\r\n\r\n\r\n\t\r\n\r\n\t\t\t\t\t<\/div>\n\t\t\t\t<\/div>\n\t\t\t\t<\/div>\n\t\t<div class=\"elementor-element elementor-element-6cc6891 e-con-full elementor-hidden-desktop elementor-hidden-tablet elementor-hidden-mobile e-flex e-con e-parent\" data-id=\"6cc6891\" data-element_type=\"container\">\n\t\t\t\t<div class=\"elementor-element elementor-element-32aabc2 elementor-widget elementor-widget-theme-about-two\" data-id=\"32aabc2\" data-element_type=\"widget\" data-widget_type=\"theme-about-two.default\">\n\t\t\t\t<div class=\"elementor-widget-container\">\n\t\t\t\t\t\r\n\r\n        <section class=\"skill-section padding\">\r\n            <div class=\"skill-bg\" style=\"background-image:url(https:\/\/themedox.com\/posty\/wp-content\/uploads\/2024\/02\/skill-bg.jpg);\"><\/div>\r\n            <div class=\"container\">\r\n                <div class=\"row align-items-center\">\r\n                    <div class=\"col-lg-6 offset-lg-6 no-padding\">\r\n                        <div class=\"skill-content\">\r\n                            <div class=\"skill-heading\">\r\n                                <span>Our Skill<\/span>\r\n                                <h3 class=\"title\">Make Beauty Thing with Passion<\/h3>\r\n                                <p>Sed ut perspiciatis unde omnis iste error sit voluptatem accusantium doloremque laudantium, totam rem aperiam, the eaque ipsa quae ab illo inventore veritatis et quasi architecto beatae vitae dicta sunt explicabo. Nemo ipsam voluptatem quia voluptas sit aspernatur aut odit aut fugit, sed quia consequuntur magni dolores eos qui ratione voluptatem sequi nesciunt.<\/p>\r\n                            <\/div>\r\n                            <ul class=\"skills-items\">\r\n\r\n\r\n                                 \r\n                                <li class=\"skills-item\">\r\n                                    <h5>Development<\/h5>\r\n                                    <div class=\"progress\">\r\n                                        <div\r\n                                            class=\"progress-bar wow slideInLeft\"\r\n                                            data-wow-delay=\"0ms\"\r\n                                            data-wow-duration=\"2000ms\"\r\n                                            role=\"progressbar\"\r\n                                            style=\"\r\n                                                width: 90%;\r\n                                                visibility: visible;\r\n                                                animation-duration: 2000ms;\r\n                                                animation-delay: 0ms;\r\n                                                animation-name: slideInLeft;\r\n                                            \"\r\n                                        >\r\n                                            <span>90%<\/span>\r\n                                        <\/div>\r\n                                    <\/div>\r\n                                <\/li>\r\n\r\n\r\n                                \r\n                                <li class=\"skills-item\">\r\n                                    <h5>Success<\/h5>\r\n                                    <div class=\"progress\">\r\n                                        <div\r\n                                            class=\"progress-bar wow slideInLeft\"\r\n                                            data-wow-delay=\"0ms\"\r\n                                            data-wow-duration=\"2000ms\"\r\n                                            role=\"progressbar\"\r\n                                            style=\"\r\n                                                width: 85%;\r\n                                                visibility: visible;\r\n                                                animation-duration: 2000ms;\r\n                                                animation-delay: 0ms;\r\n                                                animation-name: slideInLeft;\r\n                                            \"\r\n                                        >\r\n                                            <span>85%<\/span>\r\n                                        <\/div>\r\n                                    <\/div>\r\n                                <\/li>\r\n\r\n\r\n                                \r\n                                <li class=\"skills-item\">\r\n                                    <h5>Finished Projects<\/h5>\r\n                                    <div class=\"progress\">\r\n                                        <div\r\n                                            class=\"progress-bar wow slideInLeft\"\r\n                                            data-wow-delay=\"0ms\"\r\n                                            data-wow-duration=\"2000ms\"\r\n                                            role=\"progressbar\"\r\n                                            style=\"\r\n                                                width: 95%;\r\n                                                visibility: visible;\r\n                                                animation-duration: 2000ms;\r\n                                                animation-delay: 0ms;\r\n                                                animation-name: slideInLeft;\r\n                                            \"\r\n                                        >\r\n                                            <span>95%<\/span>\r\n                                        <\/div>\r\n                                    <\/div>\r\n                                <\/li>\r\n\r\n\r\n                                \r\n                            <\/ul>\r\n                        <\/div>\r\n                    <\/div>\r\n                <\/div>\r\n            <\/div>\r\n        <\/section>\r\n        <!-- .\/ skill-section -->\r\n\r\n\r\n\r\n\r\n\t\r\n\r\n\t\t\t\t\t<\/div>\n\t\t\t\t<\/div>\n\t\t\t\t<\/div>\n\t\t<div class=\"elementor-element elementor-element-666ca8d e-con-full e-flex e-con e-parent\" data-id=\"666ca8d\" data-element_type=\"container\">\n\t\t\t\t<\/div>\n\t\t<div class=\"elementor-element elementor-element-5a09937 e-con-full e-flex e-con e-parent\" data-id=\"5a09937\" data-element_type=\"container\">\n\t\t\t\t<div class=\"elementor-element elementor-element-b8ee4ee elementor-hidden-desktop elementor-hidden-tablet elementor-hidden-mobile elementor-widget elementor-widget-theme-newsletter-one\" data-id=\"b8ee4ee\" data-element_type=\"widget\" data-widget_type=\"theme-newsletter-one.default\">\n\t\t\t\t<div class=\"elementor-widget-container\">\n\t\t\t\t\t\r\n        <section class=\"subscribe-section bg-grey-2 theme-subscribe-style-one\">\r\n          <div class=\"container\">\r\n             <div class=\"row\">\r\n                <div class=\"col-lg-6\">\r\n                   <div class=\"subscribe-content\">\r\n                      <h3 class=\"title\">Get the best blog stories into your inbox!<\/h3>\r\n\r\n\r\n                      <p>\n<div class=\"wpcf7 no-js\" id=\"wpcf7-f1336-o1\" lang=\"en-US\" dir=\"ltr\" data-wpcf7-id=\"1336\">\n<div class=\"screen-reader-response\"><p role=\"status\" aria-live=\"polite\" aria-atomic=\"true\"><\/p> <ul><\/ul><\/div>\n<form action=\"\/rm\/wp-json\/wp\/v2\/pages\/1154#wpcf7-f1336-o1\" method=\"post\" class=\"wpcf7-form init\" aria-label=\"Contact form\" novalidate=\"novalidate\" data-status=\"init\">\n<fieldset class=\"hidden-fields-container\"><input type=\"hidden\" name=\"_wpcf7\" value=\"1336\" \/><input type=\"hidden\" name=\"_wpcf7_version\" value=\"6.1.4\" \/><input type=\"hidden\" name=\"_wpcf7_locale\" value=\"en_US\" \/><input type=\"hidden\" name=\"_wpcf7_unit_tag\" value=\"wpcf7-f1336-o1\" \/><input type=\"hidden\" name=\"_wpcf7_container_post\" value=\"0\" \/><input type=\"hidden\" name=\"_wpcf7_posted_data_hash\" value=\"\" \/>\n<\/fieldset>\n<div class=\"subscribe-form\">\n\t<p><span class=\"wpcf7-form-control-wrap\" data-name=\"email-515\"><input size=\"40\" maxlength=\"400\" class=\"wpcf7-form-control wpcf7-email wpcf7-validates-as-required wpcf7-text wpcf7-validates-as-email form-control\" id=\"email\" aria-required=\"true\" aria-invalid=\"false\" placeholder=\"E-Posta Adresiniz\" value=\"\" type=\"email\" name=\"email-515\" \/><\/span><input class=\"wpcf7-form-control wpcf7-submit has-spinner default-btn\" id=\"submit\" type=\"submit\" value=\"Abone Ol\" \/><i class=\"lab la-telegram-plane\"><\/i>\n\t<\/p>\n<\/div><div class=\"wpcf7-response-output\" aria-hidden=\"true\"><\/div>\n<\/form>\n<\/div>\n<\/p>\r\n\r\n                   <\/div>\r\n                <\/div>\r\n                <div class=\"col-lg-6\">\r\n                   <div class=\"subscribe-thumb\">\r\n                      <div class=\"line\"><\/div>\r\n                      <img decoding=\"async\" src=\"https:\/\/themedox.com\/posty\/wp-content\/uploads\/2024\/02\/subscribe-img.png\" alt=\"img\">\r\n                   <\/div>\r\n                <\/div>\r\n             <\/div>\r\n          <\/div>\r\n      \t <\/section>\r\n       \t<!-- .\/ subscribe-section -->\r\n\r\n\r\n\r\n\r\n\r\n\t\t\t\t\t<\/div>\n\t\t\t\t<\/div>\n\t\t\t\t<\/div>\n\t\t<div class=\"elementor-element elementor-element-66c9690 e-flex e-con-boxed e-con e-parent\" data-id=\"66c9690\" data-element_type=\"container\">\n\t\t\t\t\t<div class=\"e-con-inner\">\n\t\t\t\t<div class=\"elementor-element elementor-element-1a3ac3e elementor-widget elementor-widget-text-editor\" data-id=\"1a3ac3e\" data-element_type=\"widget\" data-widget_type=\"text-editor.default\">\n\t\t\t\t\t\t\t\t\t<h1><em><strong>Rekabet Masas\u0131 art\u0131k hayatta..<\/strong><\/em><\/h1>\t\t\t\t\t\t\t\t<\/div>\n\t\t\t\t<div class=\"elementor-element elementor-element-c26a087 elementor-widget elementor-widget-text-editor\" data-id=\"c26a087\" data-element_type=\"widget\" data-widget_type=\"text-editor.default\">\n\t\t\t\t\t\t\t\t\t<p>\u00c7\u00fcnk\u00fc biz, rekabet hukukunu yaln\u0131zca mevzuat\u0131n sat\u0131r aralar\u0131nda ya da kararlar\u0131n sonu\u00e7 k\u0131s\u0131mlar\u0131nda g\u00f6rmek istemedik. Rekabeti, toplumsal hayat\u0131n, ekonominin i\u00e7inde var olan dinamik bir olgu olarak ele almak istedik.<br \/>Bu masay\u0131 kurarken amac\u0131m\u0131z, rekabet hukukunu herkes i\u00e7in daha anla\u015f\u0131l\u0131r, daha eri\u015filebilir ve en \u00f6nemlisi daha keyifli bir hale getirmekti.<\/p><p>Rekabet Masas\u0131\u2019nda, T\u00fcrkiye\u2019de ve d\u00fcnyada rekabet hukuku alan\u0131ndaki g\u00fcncel geli\u015fmeleri yak\u0131ndan takip edebilir, alan\u0131nda uzman yazarlar\u0131n kaleme ald\u0131\u011f\u0131 <strong>yar\u0131 akademik makaleleri<\/strong>, <strong>kitap \u00f6zet ve yorumlar\u0131n\u0131<\/strong>, <strong>derinlemesine analizleri<\/strong>, <strong>keyifli podcastleri<\/strong> ve <strong>YouTube yay\u0131nlar\u0131n\u0131<\/strong> bulabilirsiniz.<\/p><p><br \/>G\u00fcncel olaylar\u0131 yaln\u0131zca hukuki boyutuyla de\u011fil, ekonomik, toplumsal ve teknolojik y\u00f6nleriyle de tart\u0131\u015fmaya a\u00e7\u0131yoruz. \u00c7\u00fcnk\u00fc bizim i\u00e7in rekabet, sadece te\u015febb\u00fcsler aras\u0131nda de\u011fil; fikirler, vizyonlar ve yakla\u015f\u0131mlar aras\u0131nda da ya\u015fan\u0131r.<\/p><p>Ama biz hayat\u0131n sadece rekabet hukukundan ibaret olmad\u0131\u011f\u0131n\u0131 da biliyoruz.<br \/>Bu y\u00fczden <strong>Rekabet Masas\u0131<\/strong>, ayn\u0131 zamanda spora, sinemaya, edebiyata, dizilere ve k\u00fclt\u00fcrel meselelere de yer a\u00e7an bir platform.<br \/><br \/><\/p><p>Hepsi bu kadar de\u011fil \u2014 bu masa herkese a\u00e7\u0131k.<br \/>Bu alanda s\u00f6yleyecek s\u00f6z\u00fc, payla\u015facak fikri olan herkesi aram\u0131za kat\u0131lmaya davet ediyoruz.<br \/>\u0130ster bir makale yaz\u0131n ister bir podcast kaydedin ya da k\u0131sa bir video haz\u0131rlay\u0131n; kendinizi nas\u0131l ifade etmek isterseniz o \u015fekilde \u00fcretin.<br \/>Bizim i\u00e7in \u00f6nemli olan, etik de\u011ferlere ve akademik tutarl\u0131l\u0131\u011fa ba\u011fl\u0131 kalmak. Onun \u00f6tesinde sizi s\u0131n\u0131rlamak istemiyoruz. \u00c7\u00fcnk\u00fc farkl\u0131 bak\u0131\u015f a\u00e7\u0131lar\u0131, bu masan\u0131n en de\u011ferli taraf\u0131.<\/p>\t\t\t\t\t\t\t\t<\/div>\n\t\t\t\t<div class=\"elementor-element elementor-element-b9ed113 elementor-widget elementor-widget-text-editor\" data-id=\"b9ed113\" data-element_type=\"widget\" data-widget_type=\"text-editor.default\">\n\t\t\t\t\t\t\t\t\t<p>Rekabet Masas\u0131, i\u015fte tam da bu y\u00fczden burada:<br \/>Rekabeti yaln\u0131zca bir hukuk dal\u0131 de\u011fil, bir d\u00fc\u015f\u00fcnme bi\u00e7imi olarak g\u00f6r\u00fcp, onu <strong>\u201crekabetin keyifli hali\u201d<\/strong> ile bulu\u015fturmak i\u00e7in.<\/p>\t\t\t\t\t\t\t\t<\/div>\n\t\t\t\t\t<\/div>\n\t\t\t\t<\/div>\n\t\t<div class=\"elementor-element elementor-element-0a9c90a e-flex e-con-boxed e-con e-parent\" data-id=\"0a9c90a\" data-element_type=\"container\">\n\t\t\t\t\t<div class=\"e-con-inner\">\n\t\t\t\t<div class=\"elementor-element elementor-element-95da620 elementor-hidden-desktop elementor-hidden-tablet elementor-hidden-mobile elementor-widget elementor-widget-theme-team-onee\" data-id=\"95da620\" data-element_type=\"widget\" data-widget_type=\"theme-team-onee.default\">\n\t\t\t\t<div class=\"elementor-widget-container\">\n\t\t\t\t\t\r\n\r\n\r\n        <section class=\"team-section padding\">\r\n            <div class=\"container\">\r\n\r\n\r\n                \r\n                <div class=\"team-top\">\r\n                    <div class=\"left-item\">\r\n                        <h3 class=\"title\">Ekibimizle Tan\u0131\u015f\u0131n<\/h3>\r\n                    <\/div>\r\n                    <div class=\"right-item\">\r\n                        <p>...<\/p>\r\n                    <\/div>\r\n                <\/div>\r\n\r\n                \r\n\r\n\r\n                <div class=\"row justify-content-center\">\r\n\r\n\r\n\r\n                     \r\n                    <div class=\"col-lg-4 col-md-6\">\r\n                        <div class=\"team-item\">\r\n                            <div class=\"team-thumb\">\r\n                                <a href=\"#\"><img decoding=\"async\" src=\"https:\/\/themedox.com\/posty\/wp-content\/uploads\/2024\/02\/team-3.jpg\" alt=\"team\" \/><\/a>\r\n                            <\/div>\r\n                            <div class=\"team-content\">\r\n                                <h3 class=\"title\">\r\n                                    <a href=\"#\">Bradley Cooper<\/a><span>Full Stack Developer<\/span>\r\n                                <\/h3>\r\n                                <ul class=\"team-social\">\r\n                                    <li>\r\n                                        <a href=\"#\" class=\"facebook\"><i class=\"lab la-facebook-f\"><\/i><\/a>\r\n                                    <\/li>\r\n                                    <li>\r\n                                        <a href=\"#\" class=\"twitter\"><i class=\"lab la-twitter\"><\/i><\/a>\r\n                                    <\/li>\r\n                                    <li>\r\n                                        <a href=\"#\" class=\"linkedin\"><i class=\"lab la-linkedin-in\"><\/i><\/a>\r\n                                    <\/li>\r\n                                    <li>\r\n                                        <a href=\"#\" class=\"instagram\"><i class=\"lab la-instagram\"><\/i><\/a>\r\n                                    <\/li>\r\n                                <\/ul>\r\n                            <\/div>\r\n                        <\/div>\r\n                    <\/div>\r\n\r\n                    \r\n                    <div class=\"col-lg-4 col-md-6\">\r\n                        <div class=\"team-item\">\r\n                            <div class=\"team-thumb\">\r\n                                <a href=\"#\"><img decoding=\"async\" src=\"https:\/\/themedox.com\/posty\/wp-content\/uploads\/2024\/02\/team-3.jpg\" alt=\"team\" \/><\/a>\r\n                            <\/div>\r\n                            <div class=\"team-content\">\r\n                                <h3 class=\"title\">\r\n                                    <a href=\"#\">Bradley Cooper<\/a><span>Full Stack Developer<\/span>\r\n                                <\/h3>\r\n                                <ul class=\"team-social\">\r\n                                    <li>\r\n                                        <a href=\"#\" class=\"facebook\"><i class=\"lab la-facebook-f\"><\/i><\/a>\r\n                                    <\/li>\r\n                                    <li>\r\n                                        <a href=\"#\" class=\"twitter\"><i class=\"lab la-twitter\"><\/i><\/a>\r\n                                    <\/li>\r\n                                    <li>\r\n                                        <a href=\"#\" class=\"linkedin\"><i class=\"lab la-linkedin-in\"><\/i><\/a>\r\n                                    <\/li>\r\n                                    <li>\r\n                                        <a href=\"#\" class=\"instagram\"><i class=\"lab la-instagram\"><\/i><\/a>\r\n                                    <\/li>\r\n                                <\/ul>\r\n                            <\/div>\r\n                        <\/div>\r\n                    <\/div>\r\n\r\n                    \r\n                    <div class=\"col-lg-4 col-md-6\">\r\n                        <div class=\"team-item\">\r\n                            <div class=\"team-thumb\">\r\n                                <a href=\"#\"><img decoding=\"async\" src=\"https:\/\/bendensorulur.com\/rm\/wp-content\/plugins\/elementor\/assets\/images\/placeholder.png\" alt=\"team\" \/><\/a>\r\n                            <\/div>\r\n                            <div class=\"team-content\">\r\n                                <h3 class=\"title\">\r\n                                    <a href=\"#\"><\/a><span><\/span>\r\n                                <\/h3>\r\n                                <ul class=\"team-social\">\r\n                                    <li>\r\n                                        <a href=\"#\" class=\"facebook\"><i class=\"lab la-facebook-f\"><\/i><\/a>\r\n                                    <\/li>\r\n                                    <li>\r\n                                        <a href=\"#\" class=\"twitter\"><i class=\"lab la-twitter\"><\/i><\/a>\r\n                                    <\/li>\r\n                                    <li>\r\n                                        <a href=\"#\" class=\"linkedin\"><i class=\"lab la-linkedin-in\"><\/i><\/a>\r\n                                    <\/li>\r\n                                    <li>\r\n                                        <a href=\"#\" class=\"instagram\"><i class=\"lab la-instagram\"><\/i><\/a>\r\n                                    <\/li>\r\n                                <\/ul>\r\n                            <\/div>\r\n                        <\/div>\r\n                    <\/div>\r\n\r\n                     \r\n\r\n\r\n                <\/div>\r\n            <\/div>\r\n        <\/section>\r\n        <!-- .\/ team-section -->\r\n\r\n\r\n\r\n\r\n\r\n\t\t\t\t\t<\/div>\n\t\t\t\t<\/div>\n\t\t\t\t\t<\/div>\n\t\t\t\t<\/div>\n\t\t\t\t<\/div>\n\t\t","protected":false},"excerpt":{"rendered":"<p>Rekabet Masas\u0131 art\u0131k hayatta.. Bu masada rekabet hukukunu ve politikalar\u0131n\u0131 sadece kanun maddelerinden ve kararlardan ibaret de\u011fil, hayat\u0131n her alan\u0131nda konu\u015fmak istedik. Bu platformda hem T\u00fcrkiye\u2019de hem de d\u00fcnyada rekabet hukuku alan\u0131ndaki g\u00fcncel geli\u015fmeleri takip edebilir, alan\u0131nda uzman yazarlar\u0131n kaleme ald\u0131\u011f\u0131 yar\u0131 akademik makaleleri, keyifli podcastleri ve YouTube yay\u0131nlar\u0131n\u0131 bulabilirsiniz. Hayat\u0131n sadece rekabet hukukundan ibaret [&hellip;]<\/p>\n","protected":false},"author":1,"featured_media":0,"parent":0,"menu_order":0,"comment_status":"closed","ping_status":"closed","template":"","meta":{"_monsterinsights_skip_tracking":false,"_monsterinsights_sitenote_active":false,"_monsterinsights_sitenote_note":"","_monsterinsights_sitenote_category":0,"footnotes":""},"class_list":["post-1154","page","type-page","status-publish","hentry"],"aioseo_notices":[],"_hostinger_reach_plugin_has_subscription_block":false,"_hostinger_reach_plugin_is_elementor":false,"rttpg_featured_image_url":null,"rttpg_author":{"display_name":"test test","author_link":"https:\/\/bendensorulur.com\/rm\/author\/ois\/"},"rttpg_comment":0,"rttpg_category":null,"rttpg_excerpt":"Rekabet Masas\u0131 art\u0131k hayatta.. Bu masada rekabet hukukunu ve politikalar\u0131n\u0131 sadece kanun maddelerinden ve kararlardan ibaret de\u011fil, hayat\u0131n her alan\u0131nda konu\u015fmak istedik. Bu platformda hem T\u00fcrkiye\u2019de hem de d\u00fcnyada rekabet hukuku alan\u0131ndaki g\u00fcncel geli\u015fmeleri takip edebilir, alan\u0131nda uzman yazarlar\u0131n kaleme ald\u0131\u011f\u0131 yar\u0131 akademik makaleleri, keyifli podcastleri ve YouTube yay\u0131nlar\u0131n\u0131 bulabilirsiniz. Hayat\u0131n sadece rekabet hukukundan ibaret&hellip;","_links":{"self":[{"href":"https:\/\/bendensorulur.com\/rm\/wp-json\/wp\/v2\/pages\/1154","targetHints":{"allow":["GET"]}}],"collection":[{"href":"https:\/\/bendensorulur.com\/rm\/wp-json\/wp\/v2\/pages"}],"about":[{"href":"https:\/\/bendensorulur.com\/rm\/wp-json\/wp\/v2\/types\/page"}],"author":[{"embeddable":true,"href":"https:\/\/bendensorulur.com\/rm\/wp-json\/wp\/v2\/users\/1"}],"replies":[{"embeddable":true,"href":"https:\/\/bendensorulur.com\/rm\/wp-json\/wp\/v2\/comments?post=1154"}],"version-history":[{"count":11,"href":"https:\/\/bendensorulur.com\/rm\/wp-json\/wp\/v2\/pages\/1154\/revisions"}],"predecessor-version":[{"id":1802,"href":"https:\/\/bendensorulur.com\/rm\/wp-json\/wp\/v2\/pages\/1154\/revisions\/1802"}],"wp:attachment":[{"href":"https:\/\/bendensorulur.com\/rm\/wp-json\/wp\/v2\/media?parent=1154"}],"curies":[{"name":"wp","href":"https:\/\/api.w.org\/{rel}","templated":true}]}}