{"id":1203,"date":"2024-02-04T13:23:12","date_gmt":"2024-02-04T13:23:12","guid":{"rendered":"https:\/\/themedox.com\/posty\/?page_id=1203"},"modified":"2025-12-06T19:06:19","modified_gmt":"2025-12-06T19:06:19","slug":"makaleler","status":"publish","type":"page","link":"https:\/\/bendensorulur.com\/rm\/makaleler\/","title":{"rendered":"Makaleler"},"content":{"rendered":"\t\t<div data-elementor-type=\"wp-page\" data-elementor-id=\"1203\" class=\"elementor elementor-1203\">\n\t\t\t\t<div class=\"elementor-element elementor-element-5d0b33a e-flex e-con-boxed e-con e-parent\" data-id=\"5d0b33a\" data-element_type=\"container\">\n\t\t\t\t\t<div class=\"e-con-inner\">\n\t\t\t\t<div class=\"elementor-element elementor-element-5314917 section-title-style-style4 meta-visibility-show title_position_default title_hover_border_default title-default img_hover_animation_default meta_position_default tpg-category-position-default readmore-btn-default-style grid-hover-overlay-type-always tpg-el-box-border-enable tpg-border-bottom-disable elementor-widget elementor-widget-tpg-list-layout\" data-id=\"5314917\" data-element_type=\"widget\" data-widget_type=\"tpg-list-layout.default\">\n\t\t\t\t<div class=\"elementor-widget-container\">\n\t\t\t\t\t\n        <div class=\"rt-container-fluid rt-tpg-container tpg-el-main-wrapper list-layout1-main \"\n             data-sc-id=\"elementor\"\n             id=\"rt-tpg-container-946488370\"\n             data-layout=\"list-layout1\"\n             data-grid-style=\"tpg-even\"\n             data-el-settings=''\n             data-el-query=''\n             data-el-path=''\n        >\n\t\t\t            <div class='tpg-header-wrapper '>\n\t\t\t\t\n        <div class=\"tpg-widget-heading-wrapper rt-clear heading-style4 \">\n            <span class=\"tpg-widget-heading-line line-left\"><\/span>\n\t\t\t<h2 class='tpg-widget-heading'>\n\t\t\t\n\t\t\t\t                    <span>\n\t\t\t\t\t\tMakaleler\t\t\t\t\t<\/span>\n\t\t\t\t\t\n\t\t\t\t\t\t\t<\/h2>            <span class=\"tpg-widget-heading-line line-right\"><\/span>\n\n\t\t\t\n        <\/div>\n\n\t\t\n\t\t            <\/div>\n\n            <div data-title=\"Loading ...\" class=\"rt-row rt-content-loader list-layout1 tpg-even list-behaviour list-layout-wrapper\">\n\t\t\t\t\n<div class=\"rt-col-md-12 rt-col-sm-12 rt-col-xs-12 default rt-list-item rt-grid-item\" data-id=\"481\">\n\t<div class=\"rt-holder tpg-post-holder \">\n\t\t<div class=\"rt-detail rt-el-content-wrapper\">\n\t\t\t\t\t\t\t<div class=\"rt-img-holder tpg-el-image-wrap has-thumbnail\">\n\t\t\t\t\t<a data-id=\"481\" href=\"https:\/\/bendensorulur.com\/rm\/makaleler\/uretken-yapay-zeka-tabanli-arama-ve-icerik-kesfi-hukuki-riskler-oneriler\/\" class=\"tpg-post-link\" target=\"_self\">                        <img fetchpriority=\"high\" decoding=\"async\" src=\"https:\/\/bendensorulur.com\/rm\/wp-content\/uploads\/2024\/01\/Uretken-Yapay-Zeka-Tabanli-Arama-ve-Icerik-Kesfi-1-300x300.png\"\n                             class=\"rt-img-responsive\"\n                             width=\"300\"\n                             height=\"300\"\n                             alt=\"\u00dcretken Yapay Zek\u00e2 Tabanl\u0131 Arama ve \u0130\u00e7erik Ke\u015ffi: Hukuki Riskler \u00d6neriler\">\n\t\t\t\t\t\t\n\t\t\t\t\t\t\t\n\t\t<\/a>\n\t\t        <div class=\"overlay grid-hover-content\"><\/div>\n\t\t\t\t\t\t<\/div>\n\t\t\t\n\t\t\t<div class=\"post-right-content\">\n\t\t\t\t<div class=\"entry-title-wrapper\"><h3 class=\"entry-title\"><a data-id=\"481\" href=\"https:\/\/bendensorulur.com\/rm\/makaleler\/uretken-yapay-zeka-tabanli-arama-ve-icerik-kesfi-hukuki-riskler-oneriler\/\" class=\"tpg-post-link\" target=\"_self\">\u00dcretken Yapay Zek\u00e2 Tabanl\u0131 Arama ve \u0130\u00e7erik Ke\u015ffi: Hukuki Riskler \u00d6neriler<\/a><\/h3><\/div>\n\t\t\t\t\t\t\t\t\t<div class=\"post-meta-tags rt-el-post-meta\">\n\t\t\t\t\t\t            <span class='date'>\n\t\t\t\t<i class='far fa-calendar-alt '><\/i>\t\t\t\t                    <a href=\"https:\/\/bendensorulur.com\/rm\/2025\/12\/02\/\">\n\t\t\t\t\t02\/12\/2025\t\t\t\t<\/a>\n\t\t\t\t\t\t\t<\/span>\n\t\t\t            <span class='categories-links'>\n\t\t\t\t<i class='fas fa-folder-open '><\/i><a class=\"makaleler\" href=\"https:\/\/bendensorulur.com\/rm\/category\/makaleler\/\">Makaleler<\/a>\t\t\t<\/span>\n\t\t\t\t\t\t\t\t<\/div>\n\t\t\t\t\n\t\t\t\t\t\t\t\t\t<div class=\"tpg-excerpt tpg-el-excerpt\">\n\t\t\t\t\t\t\t\t\t\t\t\t\t<div class=\"tpg-excerpt-inner\">\n\t\t\t\t\t\t\t\tG\u00fcn\u00fcm\u00fczde dijital ekonomi, bilgiye eri\u015fim ve i\u00e7erik ke\u015ffi alanlar\u0131nda derin bir d\u00f6n\u00fc\u015f\u00fcm ya\u015famaktad\u0131r. Geleneksel arama motorlar\u0131ndan, yapay zek\u00e2 destekli yan\u0131t \u00fcreticilere (\u00f6rne\u011fin Google SGE, ChatGPT Search, Perplexity) ge\u00e7i\u015f s\u00fcreci, yaln\u0131zca teknolojik bir geli\u015fim de\u011fil; ayn\u0131 zamanda rekabet hukuku bak\u0131m\u0131ndan \u00e7e\u015fitli risk ve f\u0131rsatlar\u0131n ortaya \u00e7\u0131kmas\u0131na yol a\u00e7maktad\u0131r. Bu yaz\u0131da, \u00fcretken...\t\t\t\t\t\t\t<\/div>\n\t\t\t\t\t\t\t\t\t\t\t\t\t\t\t\t\t<\/div>\n\t\t\t\t\n\t\t\t\t        <div class=\"post-footer\">\n            <div class=\"post-footer\">\n                <div class=\"read-more\">\n\t\t\t\t\t<a data-id=\"481\" href=\"https:\/\/bendensorulur.com\/rm\/makaleler\/uretken-yapay-zeka-tabanli-arama-ve-icerik-kesfi-hukuki-riskler-oneriler\/\" class=\"tpg-post-link\" target=\"_self\">Devam\u0131n\u0131 Oku..<\/a>                <\/div>\n            <\/div>\n        <\/div>\n\t\t\t\t\t<\/div>\n\t\t<\/div>\n\t<\/div>\n<\/div>\n\n<div class=\"rt-col-md-12 rt-col-sm-12 rt-col-xs-12 default rt-list-item rt-grid-item\" data-id=\"483\">\n\t<div class=\"rt-holder tpg-post-holder \">\n\t\t<div class=\"rt-detail rt-el-content-wrapper\">\n\t\t\t\t\t\t\t<div class=\"rt-img-holder tpg-el-image-wrap has-thumbnail\">\n\t\t\t\t\t<a data-id=\"483\" href=\"https:\/\/bendensorulur.com\/rm\/makaleler\/gelenekselden-dijitale-degisen-ihlaller-artan-cezalar-ve-akilli-yaptirimlar\/\" class=\"tpg-post-link\" target=\"_self\">                        <img decoding=\"async\" src=\"https:\/\/bendensorulur.com\/rm\/wp-content\/uploads\/2024\/01\/GELENEKSELDEN-DIJITALE-DEGISEN-IHLALLER-1-300x300.png\"\n                             class=\"rt-img-responsive\"\n                             width=\"300\"\n                             height=\"300\"\n                             alt=\"Gelenekselden Dijitale: De\u011fi\u015fen \u0130hlaller, Artan Cezalar Ve Ak\u0131ll\u0131 Yapt\u0131r\u0131mlar\">\n\t\t\t\t\t\t\n\t\t\t\t\t\t\t\n\t\t<\/a>\n\t\t        <div class=\"overlay grid-hover-content\"><\/div>\n\t\t\t\t\t\t<\/div>\n\t\t\t\n\t\t\t<div class=\"post-right-content\">\n\t\t\t\t<div class=\"entry-title-wrapper\"><h3 class=\"entry-title\"><a data-id=\"483\" href=\"https:\/\/bendensorulur.com\/rm\/makaleler\/gelenekselden-dijitale-degisen-ihlaller-artan-cezalar-ve-akilli-yaptirimlar\/\" class=\"tpg-post-link\" target=\"_self\">Gelenekselden Dijitale: De\u011fi\u015fen \u0130hlaller, Artan Cezalar Ve Ak\u0131ll\u0131 Yapt\u0131r\u0131mlar<\/a><\/h3><\/div>\n\t\t\t\t\t\t\t\t\t<div class=\"post-meta-tags rt-el-post-meta\">\n\t\t\t\t\t\t            <span class='date'>\n\t\t\t\t<i class='far fa-calendar-alt '><\/i>\t\t\t\t                    <a href=\"https:\/\/bendensorulur.com\/rm\/2025\/12\/02\/\">\n\t\t\t\t\t02\/12\/2025\t\t\t\t<\/a>\n\t\t\t\t\t\t\t<\/span>\n\t\t\t            <span class='categories-links'>\n\t\t\t\t<i class='fas fa-folder-open '><\/i><a class=\"makaleler\" href=\"https:\/\/bendensorulur.com\/rm\/category\/makaleler\/\">Makaleler<\/a>\t\t\t<\/span>\n\t\t\t\t\t\t\t\t<\/div>\n\t\t\t\t\n\t\t\t\t\t\t\t\t\t<div class=\"tpg-excerpt tpg-el-excerpt\">\n\t\t\t\t\t\t\t\t\t\t\t\t\t<div class=\"tpg-excerpt-inner\">\n\t\t\t\t\t\t\t\tRekabet hukuku, serbest piyasa ekonomisinin adil ve etkin i\u015flemesini sa\u011flamak amac\u0131yla, te\u015febb\u00fcslerin pazardaki davran\u0131\u015flar\u0131n\u0131 d\u00fczenleyen ve haks\u0131z rekabeti \u00f6nlemeye y\u00f6nelik kurallar b\u00fct\u00fcn\u00fcd\u00fcr. Son y\u0131llarda dijitalle\u015fmenin etkisiyle pazar yap\u0131lar\u0131 ve ihlal t\u00fcrleri k\u00f6kl\u00fc bir d\u00f6n\u00fc\u015f\u00fcm ge\u00e7irirken, rekabet otoriteleri de bu de\u011fi\u015fime paralel olarak daha y\u00fcksek ve cayd\u0131r\u0131c\u0131 yapt\u0131r\u0131mlara y\u00f6nelmektedir. Bu yaz\u0131da...\t\t\t\t\t\t\t<\/div>\n\t\t\t\t\t\t\t\t\t\t\t\t\t\t\t\t\t<\/div>\n\t\t\t\t\n\t\t\t\t        <div class=\"post-footer\">\n            <div class=\"post-footer\">\n                <div class=\"read-more\">\n\t\t\t\t\t<a data-id=\"483\" href=\"https:\/\/bendensorulur.com\/rm\/makaleler\/gelenekselden-dijitale-degisen-ihlaller-artan-cezalar-ve-akilli-yaptirimlar\/\" class=\"tpg-post-link\" target=\"_self\">Devam\u0131n\u0131 Oku..<\/a>                <\/div>\n            <\/div>\n        <\/div>\n\t\t\t\t\t<\/div>\n\t\t<\/div>\n\t<\/div>\n<\/div>\n\n<div class=\"rt-col-md-12 rt-col-sm-12 rt-col-xs-12 default rt-list-item rt-grid-item\" data-id=\"485\">\n\t<div class=\"rt-holder tpg-post-holder \">\n\t\t<div class=\"rt-detail rt-el-content-wrapper\">\n\t\t\t\t\t\t\t<div class=\"rt-img-holder tpg-el-image-wrap has-thumbnail\">\n\t\t\t\t\t<a data-id=\"485\" href=\"https:\/\/bendensorulur.com\/rm\/makaleler\/dijital-pazarlarin-duzenlenmesi-ve-rekabet-hukuku-gelecege-bakis\/\" class=\"tpg-post-link\" target=\"_self\">                        <img decoding=\"async\" src=\"https:\/\/bendensorulur.com\/rm\/wp-content\/uploads\/2024\/01\/DIJITAL-PAZARLARIN-DUZENLENMESI-1-300x300.png\"\n                             class=\"rt-img-responsive\"\n                             width=\"300\"\n                             height=\"300\"\n                             alt=\"Dijital Pazarlar\u0131n D\u00fczenlenmesi ve Rekabet Hukuku: Gelece\u011fe Bak\u0131\u015f\">\n\t\t\t\t\t\t\n\t\t\t\t\t\t\t\n\t\t<\/a>\n\t\t        <div class=\"overlay grid-hover-content\"><\/div>\n\t\t\t\t\t\t<\/div>\n\t\t\t\n\t\t\t<div class=\"post-right-content\">\n\t\t\t\t<div class=\"entry-title-wrapper\"><h3 class=\"entry-title\"><a data-id=\"485\" href=\"https:\/\/bendensorulur.com\/rm\/makaleler\/dijital-pazarlarin-duzenlenmesi-ve-rekabet-hukuku-gelecege-bakis\/\" class=\"tpg-post-link\" target=\"_self\">Dijital Pazarlar\u0131n D\u00fczenlenmesi ve Rekabet Hukuku: Gelece\u011fe Bak\u0131\u015f<\/a><\/h3><\/div>\n\t\t\t\t\t\t\t\t\t<div class=\"post-meta-tags rt-el-post-meta\">\n\t\t\t\t\t\t            <span class='date'>\n\t\t\t\t<i class='far fa-calendar-alt '><\/i>\t\t\t\t                    <a href=\"https:\/\/bendensorulur.com\/rm\/2025\/12\/02\/\">\n\t\t\t\t\t02\/12\/2025\t\t\t\t<\/a>\n\t\t\t\t\t\t\t<\/span>\n\t\t\t            <span class='categories-links'>\n\t\t\t\t<i class='fas fa-folder-open '><\/i><a class=\"makaleler\" href=\"https:\/\/bendensorulur.com\/rm\/category\/makaleler\/\">Makaleler<\/a>\t\t\t<\/span>\n\t\t\t\t\t\t\t\t<\/div>\n\t\t\t\t\n\t\t\t\t\t\t\t\t\t<div class=\"tpg-excerpt tpg-el-excerpt\">\n\t\t\t\t\t\t\t\t\t\t\t\t\t<div class=\"tpg-excerpt-inner\">\n\t\t\t\t\t\t\t\tDijital ekonomi, son y\u0131llarda ba\u015f d\u00f6nd\u00fcr\u00fcc\u00fc bir h\u0131zla b\u00fcy\u00fcyor ve bu geli\u015fim, rekabet hukukunun da k\u00f6kl\u00fc \u015fekilde d\u00f6n\u00fc\u015fmesini zorunlu k\u0131l\u0131yor. E-ticaretin, sosyal medyan\u0131n ve uygulama ma\u011fazalar\u0131n\u0131n hayat\u0131m\u0131za katt\u0131\u011f\u0131 yenilikler sadece i\u015f yapma bi\u00e7imimizi de\u011fil, ayn\u0131 zamanda rekabetin kurallar\u0131n\u0131 da yeniden \u015fekillendiriyor. A\u011f etkileri, veri yo\u011fun i\u015f modelleri ve platform ekonomisinin...\t\t\t\t\t\t\t<\/div>\n\t\t\t\t\t\t\t\t\t\t\t\t\t\t\t\t\t<\/div>\n\t\t\t\t\n\t\t\t\t        <div class=\"post-footer\">\n            <div class=\"post-footer\">\n                <div class=\"read-more\">\n\t\t\t\t\t<a data-id=\"485\" href=\"https:\/\/bendensorulur.com\/rm\/makaleler\/dijital-pazarlarin-duzenlenmesi-ve-rekabet-hukuku-gelecege-bakis\/\" class=\"tpg-post-link\" target=\"_self\">Devam\u0131n\u0131 Oku..<\/a>                <\/div>\n            <\/div>\n        <\/div>\n\t\t\t\t\t<\/div>\n\t\t<\/div>\n\t<\/div>\n<\/div>\n\n<div class=\"rt-col-md-12 rt-col-sm-12 rt-col-xs-12 default rt-list-item rt-grid-item\" data-id=\"487\">\n\t<div class=\"rt-holder tpg-post-holder \">\n\t\t<div class=\"rt-detail rt-el-content-wrapper\">\n\t\t\t\t\t\t\t<div class=\"rt-img-holder tpg-el-image-wrap has-thumbnail\">\n\t\t\t\t\t<a data-id=\"487\" href=\"https:\/\/bendensorulur.com\/rm\/makaleler\/ordoliberalism-or-consumer-welfare-eu-competition-lawa-aim\/\" class=\"tpg-post-link\" target=\"_self\">                        <img loading=\"lazy\" decoding=\"async\" src=\"https:\/\/bendensorulur.com\/rm\/wp-content\/uploads\/2024\/01\/ORDOLIBERALISM-OR-CONSUMER-WELFARE-1-300x300.png\"\n                             class=\"rt-img-responsive\"\n                             width=\"300\"\n                             height=\"300\"\n                             alt=\"Ordoliberalism or Consumer Welfare: Eu Competition Law&#8217;a Aim?\">\n\t\t\t\t\t\t\n\t\t\t\t\t\t\t\n\t\t<\/a>\n\t\t        <div class=\"overlay grid-hover-content\"><\/div>\n\t\t\t\t\t\t<\/div>\n\t\t\t\n\t\t\t<div class=\"post-right-content\">\n\t\t\t\t<div class=\"entry-title-wrapper\"><h3 class=\"entry-title\"><a data-id=\"487\" href=\"https:\/\/bendensorulur.com\/rm\/makaleler\/ordoliberalism-or-consumer-welfare-eu-competition-lawa-aim\/\" class=\"tpg-post-link\" target=\"_self\">Ordoliberalism or Consumer Welfare: Eu Competition Law&#8217;a Aim?<\/a><\/h3><\/div>\n\t\t\t\t\t\t\t\t\t<div class=\"post-meta-tags rt-el-post-meta\">\n\t\t\t\t\t\t            <span class='date'>\n\t\t\t\t<i class='far fa-calendar-alt '><\/i>\t\t\t\t                    <a href=\"https:\/\/bendensorulur.com\/rm\/2025\/12\/02\/\">\n\t\t\t\t\t02\/12\/2025\t\t\t\t<\/a>\n\t\t\t\t\t\t\t<\/span>\n\t\t\t            <span class='categories-links'>\n\t\t\t\t<i class='fas fa-folder-open '><\/i><a class=\"makaleler\" href=\"https:\/\/bendensorulur.com\/rm\/category\/makaleler\/\">Makaleler<\/a>\t\t\t<\/span>\n\t\t\t\t\t\t\t\t<\/div>\n\t\t\t\t\n\t\t\t\t\t\t\t\t\t<div class=\"tpg-excerpt tpg-el-excerpt\">\n\t\t\t\t\t\t\t\t\t\t\t\t\t<div class=\"tpg-excerpt-inner\">\n\t\t\t\t\t\t\t\tINTRODUCTION In recent years, Competition Law spread into more than a hundred countries in the world. It became one of the most important instruments to protect the market economy. Along with the all Member States and their own national legislation, European Union has its own regulation in the area of...\t\t\t\t\t\t\t<\/div>\n\t\t\t\t\t\t\t\t\t\t\t\t\t\t\t\t\t<\/div>\n\t\t\t\t\n\t\t\t\t        <div class=\"post-footer\">\n            <div class=\"post-footer\">\n                <div class=\"read-more\">\n\t\t\t\t\t<a data-id=\"487\" href=\"https:\/\/bendensorulur.com\/rm\/makaleler\/ordoliberalism-or-consumer-welfare-eu-competition-lawa-aim\/\" class=\"tpg-post-link\" target=\"_self\">Devam\u0131n\u0131 Oku..<\/a>                <\/div>\n            <\/div>\n        <\/div>\n\t\t\t\t\t<\/div>\n\t\t<\/div>\n\t<\/div>\n<\/div>\n\n<div class=\"rt-col-md-12 rt-col-sm-12 rt-col-xs-12 default rt-list-item rt-grid-item\" data-id=\"490\">\n\t<div class=\"rt-holder tpg-post-holder \">\n\t\t<div class=\"rt-detail rt-el-content-wrapper\">\n\t\t\t\t\t\t\t<div class=\"rt-img-holder tpg-el-image-wrap has-thumbnail\">\n\t\t\t\t\t<a data-id=\"490\" href=\"https:\/\/bendensorulur.com\/rm\/makaleler\/neutrality-and-power-takeover-panels-balancing-role\/\" class=\"tpg-post-link\" target=\"_self\">                        <img loading=\"lazy\" decoding=\"async\" src=\"https:\/\/bendensorulur.com\/rm\/wp-content\/uploads\/2024\/01\/Neutrality-and-Power-1-300x300.png\"\n                             class=\"rt-img-responsive\"\n                             width=\"300\"\n                             height=\"300\"\n                             alt=\"Neutrality and Power: Takeover Panel\u2019s Balancing Role\">\n\t\t\t\t\t\t\n\t\t\t\t\t\t\t\n\t\t<\/a>\n\t\t        <div class=\"overlay grid-hover-content\"><\/div>\n\t\t\t\t\t\t<\/div>\n\t\t\t\n\t\t\t<div class=\"post-right-content\">\n\t\t\t\t<div class=\"entry-title-wrapper\"><h3 class=\"entry-title\"><a data-id=\"490\" href=\"https:\/\/bendensorulur.com\/rm\/makaleler\/neutrality-and-power-takeover-panels-balancing-role\/\" class=\"tpg-post-link\" target=\"_self\">Neutrality and Power: Takeover Panel\u2019s Balancing Role<\/a><\/h3><\/div>\n\t\t\t\t\t\t\t\t\t<div class=\"post-meta-tags rt-el-post-meta\">\n\t\t\t\t\t\t            <span class='date'>\n\t\t\t\t<i class='far fa-calendar-alt '><\/i>\t\t\t\t                    <a href=\"https:\/\/bendensorulur.com\/rm\/2025\/12\/02\/\">\n\t\t\t\t\t02\/12\/2025\t\t\t\t<\/a>\n\t\t\t\t\t\t\t<\/span>\n\t\t\t            <span class='categories-links'>\n\t\t\t\t<i class='fas fa-folder-open '><\/i><a class=\"makaleler\" href=\"https:\/\/bendensorulur.com\/rm\/category\/makaleler\/\">Makaleler<\/a>\t\t\t<\/span>\n\t\t\t\t\t\t\t\t<\/div>\n\t\t\t\t\n\t\t\t\t\t\t\t\t\t<div class=\"tpg-excerpt tpg-el-excerpt\">\n\t\t\t\t\t\t\t\t\t\t\t\t\t<div class=\"tpg-excerpt-inner\">\n\t\t\t\t\t\t\t\tI. Introduction The City Code on Takeovers and Mergers regulates takeovers in the UK along with the company law. Company law has mechanisms which are quite important in regulating takeovers. For instance, these mechanisms include scheme of arrangement regulations and the law of directors\u2019 duties. However, company law influence is...\t\t\t\t\t\t\t<\/div>\n\t\t\t\t\t\t\t\t\t\t\t\t\t\t\t\t\t<\/div>\n\t\t\t\t\n\t\t\t\t        <div class=\"post-footer\">\n            <div class=\"post-footer\">\n                <div class=\"read-more\">\n\t\t\t\t\t<a data-id=\"490\" href=\"https:\/\/bendensorulur.com\/rm\/makaleler\/neutrality-and-power-takeover-panels-balancing-role\/\" class=\"tpg-post-link\" target=\"_self\">Devam\u0131n\u0131 Oku..<\/a>                <\/div>\n            <\/div>\n        <\/div>\n\t\t\t\t\t<\/div>\n\t\t<\/div>\n\t<\/div>\n<\/div>\n            <\/div>\n\n\t\t\t\n        <\/div>\n\t\t\t\t\t\t<\/div>\n\t\t\t\t<\/div>\n\t\t\t\t\t<\/div>\n\t\t\t\t<\/div>\n\t\t<div class=\"elementor-element elementor-element-debb4f9 e-con-full e-flex e-con e-parent\" data-id=\"debb4f9\" data-element_type=\"container\">\n\t\t\t\t<div class=\"elementor-element elementor-element-4368417 elementor-widget elementor-widget-theme-newsletter-one\" data-id=\"4368417\" data-element_type=\"widget\" data-widget_type=\"theme-newsletter-one.default\">\n\t\t\t\t<div class=\"elementor-widget-container\">\n\t\t\t\t\t\r\n        <section class=\"subscribe-section bg-grey-2 theme-subscribe-style-one\">\r\n          <div class=\"container\">\r\n             <div class=\"row\">\r\n                <div class=\"col-lg-6\">\r\n                   <div class=\"subscribe-content\">\r\n                      <h3 class=\"title\">En iyi blog hikayelerini gelen kutunuza al\u0131n!<\/h3>\r\n\r\n\r\n                      <p>\n<div class=\"wpcf7 no-js\" id=\"wpcf7-f1336-o1\" lang=\"en-US\" dir=\"ltr\" data-wpcf7-id=\"1336\">\n<div class=\"screen-reader-response\"><p role=\"status\" aria-live=\"polite\" aria-atomic=\"true\"><\/p> <ul><\/ul><\/div>\n<form action=\"\/rm\/wp-json\/wp\/v2\/pages\/1203#wpcf7-f1336-o1\" method=\"post\" class=\"wpcf7-form init\" aria-label=\"Contact form\" novalidate=\"novalidate\" data-status=\"init\">\n<fieldset class=\"hidden-fields-container\"><input type=\"hidden\" name=\"_wpcf7\" value=\"1336\" \/><input type=\"hidden\" name=\"_wpcf7_version\" value=\"6.1.4\" \/><input type=\"hidden\" name=\"_wpcf7_locale\" value=\"en_US\" \/><input type=\"hidden\" name=\"_wpcf7_unit_tag\" value=\"wpcf7-f1336-o1\" \/><input type=\"hidden\" name=\"_wpcf7_container_post\" value=\"0\" \/><input type=\"hidden\" name=\"_wpcf7_posted_data_hash\" value=\"\" \/>\n<\/fieldset>\n<div class=\"subscribe-form\">\n\t<p><span class=\"wpcf7-form-control-wrap\" data-name=\"email-515\"><input size=\"40\" maxlength=\"400\" class=\"wpcf7-form-control wpcf7-email wpcf7-validates-as-required wpcf7-text wpcf7-validates-as-email form-control\" id=\"email\" aria-required=\"true\" aria-invalid=\"false\" placeholder=\"E-Posta Adresiniz\" value=\"\" type=\"email\" name=\"email-515\" \/><\/span><input class=\"wpcf7-form-control wpcf7-submit has-spinner default-btn\" id=\"submit\" type=\"submit\" value=\"Abone Ol\" \/><i class=\"lab la-telegram-plane\"><\/i>\n\t<\/p>\n<\/div><div class=\"wpcf7-response-output\" aria-hidden=\"true\"><\/div>\n<\/form>\n<\/div>\n<\/p>\r\n\r\n                   <\/div>\r\n                <\/div>\r\n                <div class=\"col-lg-6\">\r\n                   <div class=\"subscribe-thumb\">\r\n                      <div class=\"line\"><\/div>\r\n                      <img decoding=\"async\" src=\"https:\/\/bendensorulur.com\/rm\/wp-content\/uploads\/2025\/12\/posta.png\" alt=\"img\">\r\n                   <\/div>\r\n                <\/div>\r\n             <\/div>\r\n          <\/div>\r\n      \t <\/section>\r\n       \t<!-- .\/ subscribe-section -->\r\n\r\n\r\n\r\n\r\n\r\n\t\t\t\t\t<\/div>\n\t\t\t\t<\/div>\n\t\t\t\t<\/div>\n\t\t\t\t<\/div>\n\t\t","protected":false},"excerpt":{"rendered":"<p>Makaleler \u00dcretken Yapay Zek\u00e2 Tabanl\u0131 Arama ve \u0130\u00e7erik Ke\u015ffi: Hukuki Riskler \u00d6neriler 02\/12\/2025 Makaleler G\u00fcn\u00fcm\u00fczde dijital ekonomi, bilgiye eri\u015fim ve i\u00e7erik ke\u015ffi alanlar\u0131nda derin bir d\u00f6n\u00fc\u015f\u00fcm ya\u015famaktad\u0131r. Geleneksel arama motorlar\u0131ndan, yapay zek\u00e2 destekli yan\u0131t \u00fcreticilere (\u00f6rne\u011fin Google SGE, ChatGPT Search, Perplexity) ge\u00e7i\u015f s\u00fcreci, yaln\u0131zca teknolojik bir geli\u015fim de\u011fil; ayn\u0131 zamanda rekabet hukuku bak\u0131m\u0131ndan \u00e7e\u015fitli risk [&hellip;]<\/p>\n","protected":false},"author":1,"featured_media":0,"parent":0,"menu_order":0,"comment_status":"closed","ping_status":"closed","template":"","meta":{"_monsterinsights_skip_tracking":false,"_monsterinsights_sitenote_active":false,"_monsterinsights_sitenote_note":"","_monsterinsights_sitenote_category":0,"footnotes":""},"class_list":["post-1203","page","type-page","status-publish","hentry"],"aioseo_notices":[],"_hostinger_reach_plugin_has_subscription_block":false,"_hostinger_reach_plugin_is_elementor":false,"rttpg_featured_image_url":null,"rttpg_author":{"display_name":"test test","author_link":"https:\/\/bendensorulur.com\/rm\/author\/ois\/"},"rttpg_comment":0,"rttpg_category":"","rttpg_excerpt":"Makaleler \u00dcretken Yapay Zek\u00e2 Tabanl\u0131 Arama ve \u0130\u00e7erik Ke\u015ffi: Hukuki Riskler \u00d6neriler 02\/12\/2025 Makaleler G\u00fcn\u00fcm\u00fczde dijital ekonomi, bilgiye eri\u015fim ve i\u00e7erik ke\u015ffi alanlar\u0131nda derin bir d\u00f6n\u00fc\u015f\u00fcm ya\u015famaktad\u0131r. Geleneksel arama motorlar\u0131ndan, yapay zek\u00e2 destekli yan\u0131t \u00fcreticilere (\u00f6rne\u011fin Google SGE, ChatGPT Search, Perplexity) ge\u00e7i\u015f s\u00fcreci, yaln\u0131zca teknolojik bir geli\u015fim de\u011fil; ayn\u0131 zamanda rekabet hukuku bak\u0131m\u0131ndan \u00e7e\u015fitli risk&hellip;","_links":{"self":[{"href":"https:\/\/bendensorulur.com\/rm\/wp-json\/wp\/v2\/pages\/1203","targetHints":{"allow":["GET"]}}],"collection":[{"href":"https:\/\/bendensorulur.com\/rm\/wp-json\/wp\/v2\/pages"}],"about":[{"href":"https:\/\/bendensorulur.com\/rm\/wp-json\/wp\/v2\/types\/page"}],"author":[{"embeddable":true,"href":"https:\/\/bendensorulur.com\/rm\/wp-json\/wp\/v2\/users\/1"}],"replies":[{"embeddable":true,"href":"https:\/\/bendensorulur.com\/rm\/wp-json\/wp\/v2\/comments?post=1203"}],"version-history":[{"count":29,"href":"https:\/\/bendensorulur.com\/rm\/wp-json\/wp\/v2\/pages\/1203\/revisions"}],"predecessor-version":[{"id":1989,"href":"https:\/\/bendensorulur.com\/rm\/wp-json\/wp\/v2\/pages\/1203\/revisions\/1989"}],"wp:attachment":[{"href":"https:\/\/bendensorulur.com\/rm\/wp-json\/wp\/v2\/media?parent=1203"}],"curies":[{"name":"wp","href":"https:\/\/api.w.org\/{rel}","templated":true}]}}